{"id":4162,"date":"2022-10-24T18:57:22","date_gmt":"2022-10-24T16:57:22","guid":{"rendered":"https:\/\/reiseder.com\/?page_id=4162"},"modified":"2022-10-24T19:05:33","modified_gmt":"2022-10-24T17:05:33","slug":"danke-bestellung","status":"publish","type":"page","link":"https:\/\/reiseder.com\/de\/danke-bestellung\/","title":{"rendered":"Danke f\u00fcr Ihre Bestellung!"},"content":{"rendered":"\t\t<div data-elementor-type=\"wp-page\" data-elementor-id=\"4162\" class=\"elementor elementor-4162 elementor-4161\">\n\t\t\t\t\t\t<section class=\"elementor-section elementor-top-section elementor-element elementor-element-2686b52 elementor-section-height-min-height elementor-section-boxed elementor-section-height-default elementor-section-items-middle\" data-id=\"2686b52\" data-element_type=\"section\" data-settings=\"{&quot;background_background&quot;:&quot;classic&quot;}\">\n\t\t\t\t\t\t\t<div class=\"elementor-background-overlay\"><\/div>\n\t\t\t\t\t\t\t<div class=\"elementor-container elementor-column-gap-no\">\n\t\t\t\t\t<div class=\"elementor-column elementor-col-100 elementor-top-column elementor-element elementor-element-a6ac6c6\" data-id=\"a6ac6c6\" data-element_type=\"column\">\n\t\t\t<div class=\"elementor-widget-wrap elementor-element-populated\">\n\t\t\t\t\t\t<div class=\"elementor-element elementor-element-99ee5f4 elementor-widget elementor-widget-heading\" data-id=\"99ee5f4\" data-element_type=\"widget\" data-widget_type=\"heading.default\">\n\t\t\t\t<div class=\"elementor-widget-container\">\n\t\t\t<h1 class=\"elementor-heading-title elementor-size-default\">Danke<\/h1>\t\t<\/div>\n\t\t\t\t<\/div>\n\t\t\t\t<div class=\"elementor-element elementor-element-8944a0b elementor-widget elementor-widget-heading\" data-id=\"8944a0b\" data-element_type=\"widget\" data-widget_type=\"heading.default\">\n\t\t\t\t<div class=\"elementor-widget-container\">\n\t\t\t<h2 class=\"elementor-heading-title elementor-size-default\">f\u00fcr Ihre Bestellung!<\/h2>\t\t<\/div>\n\t\t\t\t<\/div>\n\t\t\t\t\t<\/div>\n\t\t<\/div>\n\t\t\t\t\t<\/div>\n\t\t<\/section>\n\t\t\t\t<section class=\"elementor-section elementor-top-section elementor-element elementor-element-3d3bbc1 elementor-section-boxed elementor-section-height-default elementor-section-height-default\" data-id=\"3d3bbc1\" data-element_type=\"section\" data-settings=\"{&quot;background_background&quot;:&quot;gradient&quot;}\">\n\t\t\t\t\t\t<div class=\"elementor-container elementor-column-gap-no\">\n\t\t\t\t\t<div class=\"elementor-column elementor-col-100 elementor-top-column elementor-element elementor-element-f442e19\" data-id=\"f442e19\" data-element_type=\"column\">\n\t\t\t<div class=\"elementor-widget-wrap elementor-element-populated\">\n\t\t\t\t\t\t<section class=\"elementor-section elementor-inner-section elementor-element elementor-element-cb64ece elementor-section-full_width elementor-section-height-default elementor-section-height-default\" data-id=\"cb64ece\" data-element_type=\"section\">\n\t\t\t\t\t\t<div class=\"elementor-container elementor-column-gap-no\">\n\t\t\t\t\t<div class=\"elementor-column elementor-col-50 elementor-inner-column elementor-element elementor-element-773b1e3\" data-id=\"773b1e3\" data-element_type=\"column\" data-settings=\"{&quot;background_background&quot;:&quot;classic&quot;}\">\n\t\t\t<div class=\"elementor-widget-wrap elementor-element-populated\">\n\t\t\t\t\t\t<div class=\"elementor-element elementor-element-7ef3202 elementor-widget elementor-widget-heading\" data-id=\"7ef3202\" data-element_type=\"widget\" data-widget_type=\"heading.default\">\n\t\t\t\t<div class=\"elementor-widget-container\">\n\t\t\t<h3 class=\"elementor-heading-title elementor-size-default\">Danke f\u00fcr Ihr Vertrauen<\/h3>\t\t<\/div>\n\t\t\t\t<\/div>\n\t\t\t\t<div class=\"elementor-element elementor-element-fcca21b elementor-widget elementor-widget-heading\" data-id=\"fcca21b\" data-element_type=\"widget\" data-widget_type=\"heading.default\">\n\t\t\t\t<div class=\"elementor-widget-container\">\n\t\t\t<h4 class=\"elementor-heading-title elementor-size-default\">So kommen Sie zu Ihrer Buchung<\/h4>\t\t<\/div>\n\t\t\t\t<\/div>\n\t\t\t\t<div class=\"elementor-element elementor-element-6102cd5 elementor-widget elementor-widget-text-editor\" data-id=\"6102cd5\" data-element_type=\"widget\" data-widget_type=\"text-editor.default\">\n\t\t\t\t<div class=\"elementor-widget-container\">\n\t\t\t\t\t\t\t<p>Vereinbaren Sie gleich Ihren pers\u00f6nlichen Termin f\u00fcr Ihre n\u00e4chste Coaching- und\/oder Trainingssitzung<\/p><p>\u00a0<\/p><p>per E-Mail:<br \/><strong><a href=\"mailto:office@reiseder.com\">office@reiseder.com<\/a><\/strong><\/p><p>oder per Telefon:<br \/><strong>+43 660 537 3040<\/strong><\/p><p>\u00a0<\/p><p>Ich freue mich darauf, bald mit Ihnen zu starten!<\/p><p>\u00a0<\/p><p>Rock on<\/p><p>Christiane<\/p>\t\t\t\t\t\t<\/div>\n\t\t\t\t<\/div>\n\t\t\t\t<div class=\"elementor-element elementor-element-e81e612 elementor-widget elementor-widget-heading\" data-id=\"e81e612\" data-element_type=\"widget\" data-widget_type=\"heading.default\">\n\t\t\t\t<div class=\"elementor-widget-container\">\n\t\t\t<h5 class=\"elementor-heading-title elementor-size-default\">Abbuchung<\/h5>\t\t<\/div>\n\t\t\t\t<\/div>\n\t\t\t\t<div class=\"elementor-element elementor-element-ed3188a elementor-widget elementor-widget-text-editor\" data-id=\"ed3188a\" data-element_type=\"widget\" data-widget_type=\"text-editor.default\">\n\t\t\t\t<div class=\"elementor-widget-container\">\n\t\t\t\t\t\t\t<p>Die Abbuchung erfolgt durch Digistore24. Sie finden hier die <a href=\"https:\/\/www.digistore24.com\/en\/home\/extern\/cms\/page\/frontend\/legal\/terms\/1\/de\">AGB von Digistore24<\/a>.<\/p>\t\t\t\t\t\t<\/div>\n\t\t\t\t<\/div>\n\t\t\t\t<div class=\"elementor-element elementor-element-3c2c247 elementor-widget elementor-widget-image\" data-id=\"3c2c247\" data-element_type=\"widget\" data-widget_type=\"image.default\">\n\t\t\t\t<div class=\"elementor-widget-container\">\n\t\t\t\t\t\t\t\t\t\t\t\t\t\t<a href=\"https:\/\/www.digistore24.com\/\">\n\t\t\t\t\t\t\t<img decoding=\"async\" src=\"https:\/\/reiseder.com\/wp-content\/uploads\/elementor\/thumbs\/Digistore24_logo_wide-pwolrxt6dxpyatpr622trpuh6nbguoxfiicu9ymfwg.png\" title=\"Digistore24_logo_wide\" alt=\"Digistore24_logo_wide\" loading=\"lazy\" \/>\t\t\t\t\t\t\t\t<\/a>\n\t\t\t\t\t\t\t\t\t\t\t\t\t<\/div>\n\t\t\t\t<\/div>\n\t\t\t\t\t<\/div>\n\t\t<\/div>\n\t\t\t\t<div class=\"elementor-column elementor-col-50 elementor-inner-column elementor-element elementor-element-cf21eff\" data-id=\"cf21eff\" data-element_type=\"column\" data-settings=\"{&quot;background_background&quot;:&quot;classic&quot;}\">\n\t\t\t<div class=\"elementor-widget-wrap elementor-element-populated\">\n\t\t\t\t\t\t<div class=\"elementor-element elementor-element-f99ab71 elementor-widget-divider--view-line elementor-widget elementor-widget-divider\" data-id=\"f99ab71\" data-element_type=\"widget\" data-widget_type=\"divider.default\">\n\t\t\t\t<div class=\"elementor-widget-container\">\n\t\t\t\t\t<div class=\"elementor-divider\">\n\t\t\t<span class=\"elementor-divider-separator\">\n\t\t\t\t\t\t<\/span>\n\t\t<\/div>\n\t\t\t\t<\/div>\n\t\t\t\t<\/div>\n\t\t\t\t<div class=\"elementor-element elementor-element-b48e83f elementor-widget elementor-widget-heading\" data-id=\"b48e83f\" data-element_type=\"widget\" data-widget_type=\"heading.default\">\n\t\t\t\t<div class=\"elementor-widget-container\">\n\t\t\t<h5 class=\"elementor-heading-title elementor-size-default\">Support<\/h5>\t\t<\/div>\n\t\t\t\t<\/div>\n\t\t\t\t<div class=\"elementor-element elementor-element-9c28bd6 elementor-widget elementor-widget-text-editor\" data-id=\"9c28bd6\" data-element_type=\"widget\" data-widget_type=\"text-editor.default\">\n\t\t\t\t<div class=\"elementor-widget-container\">\n\t\t\t\t\t\t\t<p>F\u00fcr weitere Fragen schreiben Sie bitte an <a href=\"mailto:office@reiseder.com\">office@reiseder.com<\/a><\/p>\n\t\t\t\t\t\t<\/div>\n\t\t\t\t<\/div>\n\t\t\t\t<div class=\"elementor-element elementor-element-4cc97c1 elementor-widget elementor-widget-text-editor\" data-id=\"4cc97c1\" data-element_type=\"widget\" data-widget_type=\"text-editor.default\">\n\t\t\t\t<div class=\"elementor-widget-container\">\n\t\t\t\t\t\t\t<p>Unser Datenschutz: <a href=\"https:\/\/reiseder.com\/de\/datenschutz\/\">https:\/\/reiseder.com\/privacy-policy\/<\/a><\/p>\n<p>Unsere AGB: <a href=\"https:\/\/reiseder.com\/de\/agb\/\">https:\/\/reiseder.com\/de\/agb\/<\/a><\/p>\n<p>Widerrufsrecht: <a href=\"https:\/\/reiseder.com\/de\/widerrufsrecht\/\">https:\/\/reiseder.com\/right-of-withdrawal\/<\/a><\/p>\n\t\t\t\t\t\t<\/div>\n\t\t\t\t<\/div>\n\t\t\t\t<div class=\"elementor-element elementor-element-92bd5fe elementor-widget elementor-widget-image\" data-id=\"92bd5fe\" data-element_type=\"widget\" data-widget_type=\"image.default\">\n\t\t\t\t<div class=\"elementor-widget-container\">\n\t\t\t\t\t\t\t\t\t\t\t\t\t<img fetchpriority=\"high\" decoding=\"async\" width=\"768\" height=\"301\" src=\"https:\/\/reiseder.com\/wp-content\/uploads\/2021\/06\/improve-your-presentation-skills_Christiane-Reiseder-768x301.jpg\" class=\"attachment-medium_large size-medium_large wp-image-2616\" alt=\"Pr\u00e4sentationsf\u00e4higkeiten verbessern\" srcset=\"https:\/\/reiseder.com\/wp-content\/uploads\/2021\/06\/improve-your-presentation-skills_Christiane-Reiseder-768x301.jpg 768w, https:\/\/reiseder.com\/wp-content\/uploads\/2021\/06\/improve-your-presentation-skills_Christiane-Reiseder-300x118.jpg 300w, https:\/\/reiseder.com\/wp-content\/uploads\/2021\/06\/improve-your-presentation-skills_Christiane-Reiseder-1024x401.jpg 1024w, https:\/\/reiseder.com\/wp-content\/uploads\/2021\/06\/improve-your-presentation-skills_Christiane-Reiseder-1536x602.jpg 1536w, https:\/\/reiseder.com\/wp-content\/uploads\/2021\/06\/improve-your-presentation-skills_Christiane-Reiseder.jpg 2000w\" sizes=\"(max-width: 768px) 100vw, 768px\" \/>\t\t\t\t\t\t\t\t\t\t\t\t\t<\/div>\n\t\t\t\t<\/div>\n\t\t\t\t\t<\/div>\n\t\t<\/div>\n\t\t\t\t\t<\/div>\n\t\t<\/section>\n\t\t\t\t\t<\/div>\n\t\t<\/div>\n\t\t\t\t\t<\/div>\n\t\t<\/section>\n\t\t\t\t<section class=\"elementor-section elementor-inner-section elementor-element elementor-element-219ae909 elementor-section-boxed elementor-section-height-default elementor-section-height-default\" data-id=\"219ae909\" data-element_type=\"section\" data-settings=\"{&quot;background_background&quot;:&quot;classic&quot;}\">\n\t\t\t\t\t\t<div class=\"elementor-container elementor-column-gap-no\">\n\t\t\t\t\t<div class=\"elementor-column elementor-col-100 elementor-inner-column elementor-element elementor-element-11501bed\" data-id=\"11501bed\" data-element_type=\"column\">\n\t\t\t<div class=\"elementor-widget-wrap elementor-element-populated\">\n\t\t\t\t\t\t<div class=\"elementor-element elementor-element-15af572d elementor-widget-divider--view-line elementor-widget elementor-widget-divider\" data-id=\"15af572d\" data-element_type=\"widget\" data-widget_type=\"divider.default\">\n\t\t\t\t<div class=\"elementor-widget-container\">\n\t\t\t\t\t<div class=\"elementor-divider\">\n\t\t\t<span class=\"elementor-divider-separator\">\n\t\t\t\t\t\t<\/span>\n\t\t<\/div>\n\t\t\t\t<\/div>\n\t\t\t\t<\/div>\n\t\t\t\t<div class=\"elementor-element elementor-element-a16feb8 elementor-widget elementor-widget-heading\" data-id=\"a16feb8\" data-element_type=\"widget\" data-widget_type=\"heading.default\">\n\t\t\t\t<div class=\"elementor-widget-container\">\n\t\t\t<h2 class=\"elementor-heading-title elementor-size-default\">Erhalten Sie 5 Pr\u00e4sentationstipps und weitere Informationen zu Auftritt und Verkauf <\/h2>\t\t<\/div>\n\t\t\t\t<\/div>\n\t\t\t\t<div class=\"elementor-element elementor-element-6a84c762 elementor-align-left elementor-widget elementor-widget-button\" data-id=\"6a84c762\" data-element_type=\"widget\" data-widget_type=\"button.default\">\n\t\t\t\t<div class=\"elementor-widget-container\">\n\t\t\t\t\t<div class=\"elementor-button-wrapper\">\n\t\t\t<a class=\"elementor-button elementor-button-link elementor-size-sm\" href=\"https:\/\/reiseder.com\/de\/newsletterde\/\">\n\t\t\t\t\t\t<span class=\"elementor-button-content-wrapper\">\n\t\t\t\t\t\t<span class=\"elementor-button-icon\">\n\t\t\t\t<i aria-hidden=\"true\" class=\"fas fa-arrow-right\"><\/i>\t\t\t<\/span>\n\t\t\t\t\t\t\t\t\t<span class=\"elementor-button-text\">Abonnieren Sie meinen Newsletter<\/span>\n\t\t\t\t\t<\/span>\n\t\t\t\t\t<\/a>\n\t\t<\/div>\n\t\t\t\t<\/div>\n\t\t\t\t<\/div>\n\t\t\t\t\t<\/div>\n\t\t<\/div>\n\t\t\t\t\t<\/div>\n\t\t<\/section>\n\t\t\t\t<\/div>\n\t\t","protected":false},"excerpt":{"rendered":"<p>Danke f\u00fcr Ihre Bestellung! Danke f\u00fcr Ihr Vertrauen So kommen Sie zu Ihrer Buchung Vereinbaren Sie gleich Ihren pers\u00f6nlichen Termin f\u00fcr Ihre n\u00e4chste Coaching- und\/oder Trainingssitzung \u00a0 per E-Mail:office@reiseder.com oder per Telefon:+43 660 537 3040 \u00a0 Ich freue mich darauf, bald mit Ihnen zu starten! \u00a0 Rock on Christiane Abbuchung Die Abbuchung erfolgt durch Digistore24. [&hellip;]<\/p>\n","protected":false},"author":2,"featured_media":2619,"parent":0,"menu_order":0,"comment_status":"closed","ping_status":"closed","template":"","meta":{"site-sidebar-layout":"no-sidebar","site-content-layout":"page-builder","ast-site-content-layout":"","site-content-style":"default","site-sidebar-style":"default","ast-global-header-display":"","ast-banner-title-visibility":"","ast-main-header-display":"","ast-hfb-above-header-display":"","ast-hfb-below-header-display":"","ast-hfb-mobile-header-display":"","site-post-title":"disabled","ast-breadcrumbs-content":"disabled","ast-featured-img":"disabled","footer-sml-layout":"","theme-transparent-header-meta":"disabled","adv-header-id-meta":"","stick-header-meta":"","header-above-stick-meta":"","header-main-stick-meta":"","header-below-stick-meta":"","astra-migrate-meta-layouts":"default","ast-page-background-enabled":"default","ast-page-background-meta":{"desktop":{"background-color":"","background-image":"","background-repeat":"repeat","background-position":"center center","background-size":"auto","background-attachment":"scroll","background-type":"","background-media":"","overlay-type":"","overlay-color":"","overlay-opacity":"","overlay-gradient":""},"tablet":{"background-color":"","background-image":"","background-repeat":"repeat","background-position":"center center","background-size":"auto","background-attachment":"scroll","background-type":"","background-media":"","overlay-type":"","overlay-color":"","overlay-opacity":"","overlay-gradient":""},"mobile":{"background-color":"","background-image":"","background-repeat":"repeat","background-position":"center center","background-size":"auto","background-attachment":"scroll","background-type":"","background-media":"","overlay-type":"","overlay-color":"","overlay-opacity":"","overlay-gradient":""}},"ast-content-background-meta":{"desktop":{"background-color":"var(--ast-global-color-5)","background-image":"","background-repeat":"repeat","background-position":"center center","background-size":"auto","background-attachment":"scroll","background-type":"","background-media":"","overlay-type":"","overlay-color":"","overlay-opacity":"","overlay-gradient":""},"tablet":{"background-color":"var(--ast-global-color-5)","background-image":"","background-repeat":"repeat","background-position":"center center","background-size":"auto","background-attachment":"scroll","background-type":"","background-media":"","overlay-type":"","overlay-color":"","overlay-opacity":"","overlay-gradient":""},"mobile":{"background-color":"var(--ast-global-color-5)","background-image":"","background-repeat":"repeat","background-position":"center center","background-size":"auto","background-attachment":"scroll","background-type":"","background-media":"","overlay-type":"","overlay-color":"","overlay-opacity":"","overlay-gradient":""}},"footnotes":""},"class_list":["post-4162","page","type-page","status-publish","has-post-thumbnail","hentry"],"yoast_head":"<!-- This site is optimized with the Yoast SEO plugin v23.0 - https:\/\/yoast.com\/wordpress\/plugins\/seo\/ -->\n<title>Danke f\u00fcr Ihre Bestellung<\/title>\n<meta name=\"description\" content=\"Danke f\u00fcr Ihre Bestellung \u2219 Let&#039;s #rockyourstages \u2219 Alles rund um Auftritt, Pr\u00e4sentation, Verkauf, Mindset, K\u00f6rpersprache, Stimme.\" \/>\n<meta name=\"robots\" content=\"index, follow, max-snippet:-1, max-image-preview:large, max-video-preview:-1\" \/>\n<link rel=\"canonical\" href=\"https:\/\/reiseder.com\/de\/danke-bestellung\/\" \/>\n<meta property=\"og:locale\" content=\"de_DE\" \/>\n<meta property=\"og:type\" content=\"article\" \/>\n<meta property=\"og:title\" content=\"Danke f\u00fcr Ihre Bestellung\" \/>\n<meta property=\"og:description\" content=\"Danke f\u00fcr Ihre Bestellung \u2219 Let&#039;s #rockyourstages \u2219 Alles rund um Auftritt, Pr\u00e4sentation, Verkauf, Mindset, K\u00f6rpersprache, Stimme.\" \/>\n<meta property=\"og:url\" content=\"https:\/\/reiseder.com\/de\/danke-bestellung\/\" \/>\n<meta property=\"og:site_name\" content=\"Christiane Reiseder | Performance Coach &amp; Sales Trainer\" \/>\n<meta property=\"article:modified_time\" content=\"2022-10-24T17:05:33+00:00\" \/>\n<meta property=\"og:image\" content=\"https:\/\/reiseder.com\/wp-content\/uploads\/2021\/06\/improve-your-presentation-skills_Christiane-Reiseder_mob.jpg\" \/>\n\t<meta property=\"og:image:width\" content=\"1387\" \/>\n\t<meta property=\"og:image:height\" content=\"777\" \/>\n\t<meta property=\"og:image:type\" content=\"image\/jpeg\" \/>\n<meta name=\"twitter:card\" content=\"summary_large_image\" \/>\n<meta name=\"twitter:label1\" content=\"Gesch\u00e4tzte Lesezeit\" \/>\n\t<meta name=\"twitter:data1\" content=\"2\u00a0Minuten\" \/>\n<script type=\"application\/ld+json\" class=\"yoast-schema-graph\">{\"@context\":\"https:\/\/schema.org\",\"@graph\":[{\"@type\":\"WebPage\",\"@id\":\"https:\/\/reiseder.com\/de\/danke-bestellung\/\",\"url\":\"https:\/\/reiseder.com\/de\/danke-bestellung\/\",\"name\":\"Danke f\u00fcr Ihre Bestellung\",\"isPartOf\":{\"@id\":\"https:\/\/reiseder.com\/de\/#website\"},\"primaryImageOfPage\":{\"@id\":\"https:\/\/reiseder.com\/de\/danke-bestellung\/#primaryimage\"},\"image\":{\"@id\":\"https:\/\/reiseder.com\/de\/danke-bestellung\/#primaryimage\"},\"thumbnailUrl\":\"https:\/\/reiseder.com\/wp-content\/uploads\/2021\/06\/improve-your-presentation-skills_Christiane-Reiseder_mob.jpg\",\"datePublished\":\"2022-10-24T16:57:22+00:00\",\"dateModified\":\"2022-10-24T17:05:33+00:00\",\"description\":\"Danke f\u00fcr Ihre Bestellung \u2219 Let's #rockyourstages \u2219 Alles rund um Auftritt, Pr\u00e4sentation, Verkauf, Mindset, K\u00f6rpersprache, Stimme.\",\"breadcrumb\":{\"@id\":\"https:\/\/reiseder.com\/de\/danke-bestellung\/#breadcrumb\"},\"inLanguage\":\"de\",\"potentialAction\":[{\"@type\":\"ReadAction\",\"target\":[\"https:\/\/reiseder.com\/de\/danke-bestellung\/\"]}]},{\"@type\":\"ImageObject\",\"inLanguage\":\"de\",\"@id\":\"https:\/\/reiseder.com\/de\/danke-bestellung\/#primaryimage\",\"url\":\"https:\/\/reiseder.com\/wp-content\/uploads\/2021\/06\/improve-your-presentation-skills_Christiane-Reiseder_mob.jpg\",\"contentUrl\":\"https:\/\/reiseder.com\/wp-content\/uploads\/2021\/06\/improve-your-presentation-skills_Christiane-Reiseder_mob.jpg\",\"width\":1387,\"height\":777,\"caption\":\"improve your presentation skills_Christiane Reiseder\"},{\"@type\":\"BreadcrumbList\",\"@id\":\"https:\/\/reiseder.com\/de\/danke-bestellung\/#breadcrumb\",\"itemListElement\":[{\"@type\":\"ListItem\",\"position\":1,\"name\":\"Home\",\"item\":\"https:\/\/reiseder.com\/de\/\"},{\"@type\":\"ListItem\",\"position\":2,\"name\":\"Danke f\u00fcr Ihre Bestellung!\"}]},{\"@type\":\"WebSite\",\"@id\":\"https:\/\/reiseder.com\/de\/#website\",\"url\":\"https:\/\/reiseder.com\/de\/\",\"name\":\"Christiane Reiseder | Performance Coach &amp; Sales Trainer\",\"description\":\"Christiane Reiseder | Performance Coach &amp; Sales Trainer\",\"publisher\":{\"@id\":\"https:\/\/reiseder.com\/de\/#organization\"},\"potentialAction\":[{\"@type\":\"SearchAction\",\"target\":{\"@type\":\"EntryPoint\",\"urlTemplate\":\"https:\/\/reiseder.com\/de\/?s={search_term_string}\"},\"query-input\":\"required name=search_term_string\"}],\"inLanguage\":\"de\"},{\"@type\":\"Organization\",\"@id\":\"https:\/\/reiseder.com\/de\/#organization\",\"name\":\"Christiane Reiseder | Performance Coach &amp; Sales Trainer\",\"url\":\"https:\/\/reiseder.com\/de\/\",\"logo\":{\"@type\":\"ImageObject\",\"inLanguage\":\"de\",\"@id\":\"https:\/\/reiseder.com\/de\/#\/schema\/logo\/image\/\",\"url\":\"https:\/\/reiseder.com\/wp-content\/uploads\/2021\/04\/Performance_Coaching_Logo-1.png\",\"contentUrl\":\"https:\/\/reiseder.com\/wp-content\/uploads\/2021\/04\/Performance_Coaching_Logo-1.png\",\"width\":270,\"height\":44,\"caption\":\"Christiane Reiseder | Performance Coach &amp; Sales Trainer\"},\"image\":{\"@id\":\"https:\/\/reiseder.com\/de\/#\/schema\/logo\/image\/\"}}]}<\/script>\n<!-- \/ Yoast SEO plugin. -->","yoast_head_json":{"title":"Danke f\u00fcr Ihre Bestellung","description":"Danke f\u00fcr Ihre Bestellung \u2219 Let's #rockyourstages \u2219 Alles rund um Auftritt, Pr\u00e4sentation, Verkauf, Mindset, K\u00f6rpersprache, Stimme.","robots":{"index":"index","follow":"follow","max-snippet":"max-snippet:-1","max-image-preview":"max-image-preview:large","max-video-preview":"max-video-preview:-1"},"canonical":"https:\/\/reiseder.com\/de\/danke-bestellung\/","og_locale":"de_DE","og_type":"article","og_title":"Danke f\u00fcr Ihre Bestellung","og_description":"Danke f\u00fcr Ihre Bestellung \u2219 Let's #rockyourstages \u2219 Alles rund um Auftritt, Pr\u00e4sentation, Verkauf, Mindset, K\u00f6rpersprache, Stimme.","og_url":"https:\/\/reiseder.com\/de\/danke-bestellung\/","og_site_name":"Christiane Reiseder | Performance Coach &amp; Sales Trainer","article_modified_time":"2022-10-24T17:05:33+00:00","og_image":[{"width":1387,"height":777,"url":"https:\/\/reiseder.com\/wp-content\/uploads\/2021\/06\/improve-your-presentation-skills_Christiane-Reiseder_mob.jpg","type":"image\/jpeg"}],"twitter_card":"summary_large_image","twitter_misc":{"Gesch\u00e4tzte Lesezeit":"2\u00a0Minuten"},"schema":{"@context":"https:\/\/schema.org","@graph":[{"@type":"WebPage","@id":"https:\/\/reiseder.com\/de\/danke-bestellung\/","url":"https:\/\/reiseder.com\/de\/danke-bestellung\/","name":"Danke f\u00fcr Ihre Bestellung","isPartOf":{"@id":"https:\/\/reiseder.com\/de\/#website"},"primaryImageOfPage":{"@id":"https:\/\/reiseder.com\/de\/danke-bestellung\/#primaryimage"},"image":{"@id":"https:\/\/reiseder.com\/de\/danke-bestellung\/#primaryimage"},"thumbnailUrl":"https:\/\/reiseder.com\/wp-content\/uploads\/2021\/06\/improve-your-presentation-skills_Christiane-Reiseder_mob.jpg","datePublished":"2022-10-24T16:57:22+00:00","dateModified":"2022-10-24T17:05:33+00:00","description":"Danke f\u00fcr Ihre Bestellung \u2219 Let's #rockyourstages \u2219 Alles rund um Auftritt, Pr\u00e4sentation, Verkauf, Mindset, K\u00f6rpersprache, Stimme.","breadcrumb":{"@id":"https:\/\/reiseder.com\/de\/danke-bestellung\/#breadcrumb"},"inLanguage":"de","potentialAction":[{"@type":"ReadAction","target":["https:\/\/reiseder.com\/de\/danke-bestellung\/"]}]},{"@type":"ImageObject","inLanguage":"de","@id":"https:\/\/reiseder.com\/de\/danke-bestellung\/#primaryimage","url":"https:\/\/reiseder.com\/wp-content\/uploads\/2021\/06\/improve-your-presentation-skills_Christiane-Reiseder_mob.jpg","contentUrl":"https:\/\/reiseder.com\/wp-content\/uploads\/2021\/06\/improve-your-presentation-skills_Christiane-Reiseder_mob.jpg","width":1387,"height":777,"caption":"improve your presentation skills_Christiane Reiseder"},{"@type":"BreadcrumbList","@id":"https:\/\/reiseder.com\/de\/danke-bestellung\/#breadcrumb","itemListElement":[{"@type":"ListItem","position":1,"name":"Home","item":"https:\/\/reiseder.com\/de\/"},{"@type":"ListItem","position":2,"name":"Danke f\u00fcr Ihre Bestellung!"}]},{"@type":"WebSite","@id":"https:\/\/reiseder.com\/de\/#website","url":"https:\/\/reiseder.com\/de\/","name":"Christiane Reiseder | Performance Coach &amp; Sales Trainer","description":"Christiane Reiseder | Performance Coach &amp; Sales Trainer","publisher":{"@id":"https:\/\/reiseder.com\/de\/#organization"},"potentialAction":[{"@type":"SearchAction","target":{"@type":"EntryPoint","urlTemplate":"https:\/\/reiseder.com\/de\/?s={search_term_string}"},"query-input":"required name=search_term_string"}],"inLanguage":"de"},{"@type":"Organization","@id":"https:\/\/reiseder.com\/de\/#organization","name":"Christiane Reiseder | Performance Coach &amp; Sales Trainer","url":"https:\/\/reiseder.com\/de\/","logo":{"@type":"ImageObject","inLanguage":"de","@id":"https:\/\/reiseder.com\/de\/#\/schema\/logo\/image\/","url":"https:\/\/reiseder.com\/wp-content\/uploads\/2021\/04\/Performance_Coaching_Logo-1.png","contentUrl":"https:\/\/reiseder.com\/wp-content\/uploads\/2021\/04\/Performance_Coaching_Logo-1.png","width":270,"height":44,"caption":"Christiane Reiseder | Performance Coach &amp; Sales Trainer"},"image":{"@id":"https:\/\/reiseder.com\/de\/#\/schema\/logo\/image\/"}}]}},"_links":{"self":[{"href":"https:\/\/reiseder.com\/de\/wp-json\/wp\/v2\/pages\/4162","targetHints":{"allow":["GET"]}}],"collection":[{"href":"https:\/\/reiseder.com\/de\/wp-json\/wp\/v2\/pages"}],"about":[{"href":"https:\/\/reiseder.com\/de\/wp-json\/wp\/v2\/types\/page"}],"author":[{"embeddable":true,"href":"https:\/\/reiseder.com\/de\/wp-json\/wp\/v2\/users\/2"}],"replies":[{"embeddable":true,"href":"https:\/\/reiseder.com\/de\/wp-json\/wp\/v2\/comments?post=4162"}],"version-history":[{"count":9,"href":"https:\/\/reiseder.com\/de\/wp-json\/wp\/v2\/pages\/4162\/revisions"}],"predecessor-version":[{"id":4203,"href":"https:\/\/reiseder.com\/de\/wp-json\/wp\/v2\/pages\/4162\/revisions\/4203"}],"wp:featuredmedia":[{"embeddable":true,"href":"https:\/\/reiseder.com\/de\/wp-json\/wp\/v2\/media\/2619"}],"wp:attachment":[{"href":"https:\/\/reiseder.com\/de\/wp-json\/wp\/v2\/media?parent=4162"}],"curies":[{"name":"wp","href":"https:\/\/api.w.org\/{rel}","templated":true}]}}